{"id":8243,"date":"2024-11-01T04:11:52","date_gmt":"2024-11-01T04:11:52","guid":{"rendered":"https:\/\/granalesnika.com\/?page_id=8243"},"modified":"2024-11-01T05:27:16","modified_gmt":"2024-11-01T05:27:16","slug":"koraci","status":"publish","type":"page","link":"https:\/\/granalesnika.com\/en\/koraci\/","title":{"rendered":"Steps"},"content":{"rendered":"<div data-elementor-type=\"wp-page\" data-elementor-id=\"8243\" class=\"elementor elementor-8243\">\n\t\t\t\t\t\t<section class=\"elementor-section elementor-top-section elementor-element elementor-element-7f23aef elementor-section-full_width elementor-section-stretched light-bg elementor-section-height-default elementor-section-height-default\" data-id=\"7f23aef\" data-element_type=\"section\" data-settings=\"{&quot;stretch_section&quot;:&quot;section-stretched&quot;}\">\n\t\t\t\t\t\t<div class=\"elementor-container elementor-column-gap-no\">\n\t\t\t\t\t<div class=\"elementor-column elementor-col-100 elementor-top-column elementor-element elementor-element-70fff89\" data-id=\"70fff89\" data-element_type=\"column\">\n\t\t\t<div class=\"elementor-widget-wrap elementor-element-populated\">\n\t\t\t\t\t\t<div class=\"elementor-element elementor-element-c94480c elementor-widget elementor-widget-marquee-animation\" data-id=\"c94480c\" data-element_type=\"widget\" data-widget_type=\"marquee-animation.default\">\n\t\t\t\t<div class=\"elementor-widget-container\">\n\t\t\t\r\n       <div class=\"\">\r\n           <div class=\"swiper marquee-swiper\">\r\n      <div class=\"swiper-wrapper\">\r\n                                                                     \r\n                            <div class=\"marquee-section style2 swiper-slide active text-black\">\r\n                    \r\n            <div class=\"marquee-text\"><span>We raise energy<\/span><\/div>\r\n            \r\n            <\/div>\r\n        \r\n                            \r\n                                    \r\n                                                        \r\n                            <div class=\"marquee-section style2 swiper-slide  text-black\">\r\n                    \r\n            <div class=\"marquee-text\"><span>We Prevent Allergies<\/span><\/div>\r\n            \r\n            <\/div>\r\n        \r\n                            \r\n                                    \r\n                                                        \r\n                            <div class=\"marquee-section style2 swiper-slide  text-black\">\r\n                    \r\n            <div class=\"marquee-text\"><span>We Improve Health<\/span><\/div>\r\n            \r\n            <\/div>\r\n        \r\n                            \r\n                                    \r\n                                                        \r\n                            <div class=\"marquee-section style2 swiper-slide  text-black\">\r\n                    \r\n            <div class=\"marquee-text\"><span>We remove excess weight<\/span><\/div>\r\n            \r\n            <\/div>\r\n        \r\n                            \r\n                                    \r\n                                                        \r\n                            <div class=\"marquee-section style2 swiper-slide  text-black\">\r\n                    \r\n            <div class=\"marquee-text\"><span>We personalize meals<\/span><\/div>\r\n            \r\n            <\/div>\r\n        \r\n                            \r\n                                    \r\n                                                        \r\n                            <div class=\"marquee-section style2 swiper-slide  text-black\">\r\n                    \r\n            <div class=\"marquee-text\"><span>We adapt to everyone<\/span><\/div>\r\n            \r\n            <\/div>\r\n        \r\n                            \r\n                                    \r\n                             <\/div>\r\n       <\/div>\r\n       <\/div>\r\n          \r\n     <script>\r\n        jQuery(document).ready(function() {\r\n          var swiper1 = new Swiper(\".marquee-swiper\", {\r\n        spaceBetween: 0,\r\n        slidesPerView: 'auto',\r\n        loop: true,\r\n        autoplay: {\r\n    delay: 1,\r\n    disableOnInteraction: false\r\n  },\r\n  speed: 20000,\r\n      });\r\n        });\r\n      <\/script>\r\n\r\n        \t\t<\/div>\n\t\t\t\t<\/div>\n\t\t\t\t<div class=\"elementor-element elementor-element-9384668 elementor-widget__width-auto elementor-absolute elementor-hidden-tablet elementor-hidden-mobile ht-image-left elementor-widget elementor-widget-image\" data-id=\"9384668\" data-element_type=\"widget\" data-settings=\"{&quot;_position&quot;:&quot;absolute&quot;}\" data-widget_type=\"image.default\">\n\t\t\t\t<div class=\"elementor-widget-container\">\n\t\t\t\t\t\t\t\t\t\t\t\t\t<img decoding=\"async\" width=\"167\" height=\"166\" src=\"https:\/\/granalesnika.com\/wp-content\/uploads\/2024\/05\/png-4.png\" class=\"attachment-large size-large wp-image-996\" alt=\"\" srcset=\"https:\/\/granalesnika.com\/wp-content\/uploads\/2024\/05\/png-4.png 167w, https:\/\/granalesnika.com\/wp-content\/uploads\/2024\/05\/png-4-100x100.png 100w, https:\/\/granalesnika.com\/wp-content\/uploads\/2024\/05\/png-4-150x150.png 150w\" sizes=\"(max-width: 167px) 100vw, 167px\" \/>\t\t\t\t\t\t\t\t\t\t\t\t\t<\/div>\n\t\t\t\t<\/div>\n\t\t\t\t\t<\/div>\n\t\t<\/div>\n\t\t\t\t\t<\/div>\n\t\t<\/section>\n\t\t\t\t<section class=\"elementor-section elementor-top-section elementor-element elementor-element-74faccf elementor-section-boxed elementor-section-height-default elementor-section-height-default default\" data-id=\"74faccf\" data-element_type=\"section\">\n\t\t\t\t\t\t<div class=\"elementor-container elementor-column-gap-no\">\n\t\t\t\t\t<div class=\"elementor-column elementor-col-100 elementor-top-column elementor-element elementor-element-040060d\" data-id=\"040060d\" data-element_type=\"column\">\n\t\t\t<div class=\"elementor-widget-wrap elementor-element-populated\">\n\t\t\t\t\t\t<div class=\"elementor-element elementor-element-4f9a7a7 elementor-widget elementor-widget-ht-timeline\" data-id=\"4f9a7a7\" data-element_type=\"widget\" data-widget_type=\"ht-timeline.default\">\n\t\t\t\t<div class=\"elementor-widget-container\">\n\t\t\t\n\n\n        <!-- Start rendering the output -->\n\n\n\n        <div class=\"main-timeline position-relative\">\n\n        \n          <div class=\"timeline-item\">\n\n            <div class=\"date-content\">\n\n              <div class=\"date button-style-2\"> \n                  STEP 01 \n                <\/div>\n                <img decoding=\"async\" class=\"img-fluid\" src=\"https:\/\/granalesnika.com\/wp-content\/uploads\/2024\/11\/paketi_usluge_nutricionista-1-scaled-e1730438683673.jpg\" alt=\"Image\">\n\n            <\/div>\n\n            <div class=\"timeline-dot\">\n\n            <\/div>\n\n            <div class=\"timeline-content col-md\">\n\n              <h4>Choosing a package according to your needs\n\n<\/h4>\n\n              With each person&#039;s specific needs in mind, our first step is to help you choose the ideal package that fits your lifestyle, health needs and goals. Whether you want to lose weight, increase energy, improve general health or follow a specific diet, the various packages allow you to get exactly what you need. Each package provides clearly defined services and includes a detailed plan to guide you through your journey to a healthier lifestyle.  \n\n            <\/div>\n\n          <\/div>\n\n          \n          <div class=\"timeline-item\">\n\n            <div class=\"date-content\">\n\n              <div class=\"date button-style-2\"> \n                  STEP 02 \n                <\/div>\n                <img decoding=\"async\" class=\"img-fluid\" src=\"https:\/\/granalesnika.com\/wp-content\/uploads\/2024\/11\/DSC06371-Edited-scaled-e1730438775314.jpg\" alt=\"Image\">\n\n            <\/div>\n\n            <div class=\"timeline-dot\">\n\n            <\/div>\n\n            <div class=\"timeline-content col-md\">\n\n              <h4>Deeper insight into your habits and needs<\/h4>\n\n              In order to create a nutrition plan that truly fits your body and lifestyle, we need to gain detailed insight into your current habits, daily routine, favorite foods, and goals. During this step, through conversation and analysis, we identify key aspects of your eating patterns and lifestyle. Based on this, we can create a strategy that will fit seamlessly into your everyday life and allow you to feel supported and motivated throughout the process.  \n\n            <\/div>\n\n          <\/div>\n\n          \n          <div class=\"timeline-item\">\n\n            <div class=\"date-content\">\n\n              <div class=\"date button-style-2\"> \n                  STEP 03 \n                <\/div>\n                <img decoding=\"async\" class=\"img-fluid\" src=\"https:\/\/vedtheme.com\/nutree\/wp-content\/uploads\/2024\/06\/split-img01.jpg\" alt=\"Image\">\n\n            <\/div>\n\n            <div class=\"timeline-dot\">\n\n            <\/div>\n\n            <div class=\"timeline-content col-md\">\n\n              <h4>Your customized nutrition plan<\/h4>\n\n              After a detailed assessment of your needs and habits, we create a completely personalized nutrition plan that provides you with structure and guides you step by step towards achieving the desired results. Each plan is designed to be easy to implement, nutritionally balanced, and tailored to your personal goals. Our goal is for you to feel motivated, not burdened, so through the plan you will get not only guidance, but also inspiration to enjoy every meal and progress.  \n\n            <\/div>\n\n          <\/div>\n\n          \n          <div class=\"timeline-item\">\n\n            <div class=\"date-content\">\n\n              <div class=\"date button-style-2\"> \n                  STEP 04 \n                <\/div>\n                <img decoding=\"async\" class=\"img-fluid\" src=\"https:\/\/granalesnika.com\/wp-content\/uploads\/2024\/11\/1_paketi_usluge_nutricionista-scaled-e1730438824775.jpg\" alt=\"Image\">\n\n            <\/div>\n\n            <div class=\"timeline-dot\">\n\n            <\/div>\n\n            <div class=\"timeline-content col-md\">\n\n              <h4>Results that last<\/h4>\n\n              Getting the results you want is an important step, but maintaining those results is what makes the real difference. Our approach doesn&#039;t just end with reaching your goal, we follow you through the entire journey and provide support and advice even after you&#039;ve achieved your goal. That way, the results you achieve won&#039;t just be temporary - they become part of your lifestyle. Through long-term support and ongoing advice, together we ensure that the change you achieve is permanent.  \n\n            <\/div>\n\n          <\/div>\n\n          \n      <\/div>\n\n\n\n        <!-- End rendering the output -->\n\n\n\n\n\n\n\n        \t\t<\/div>\n\t\t\t\t<\/div>\n\t\t\t\t\t<\/div>\n\t\t<\/div>\n\t\t\t\t\t<\/div>\n\t\t<\/section>\n\t\t\t\t<\/div>","protected":false},"excerpt":{"rendered":"<p>Podi\u017eemo energiju Spre\u010davamo Alergije Pobolj\u0161avamo Zdravlje Uklanjamo Kilograme Personalizujemo Obroke Prilago\u0111avamo Svima 01. KORAK Odabir paketa po va\u0161im potrebama S obzirom na specifi\u010dne potrebe svake osobe, na\u0161 prvi korak je da vam pomognemo u izboru idealnog paketa koji odgovara va\u0161em \u017eivotnom stilu, zdravstvenim potrebama i ciljevima. Bez obzira da li \u017eelite da smr\u0161ate, pove\u0107ate energiju, [&hellip;]<\/p>","protected":false},"author":1,"featured_media":0,"parent":0,"menu_order":0,"comment_status":"closed","ping_status":"closed","template":"elementor_theme","meta":{"_acf_changed":false,"footnotes":""},"class_list":["post-8243","page","type-page","status-publish","hentry"],"acf":[],"_links":{"self":[{"href":"https:\/\/granalesnika.com\/en\/wp-json\/wp\/v2\/pages\/8243","targetHints":{"allow":["GET"]}}],"collection":[{"href":"https:\/\/granalesnika.com\/en\/wp-json\/wp\/v2\/pages"}],"about":[{"href":"https:\/\/granalesnika.com\/en\/wp-json\/wp\/v2\/types\/page"}],"author":[{"embeddable":true,"href":"https:\/\/granalesnika.com\/en\/wp-json\/wp\/v2\/users\/1"}],"replies":[{"embeddable":true,"href":"https:\/\/granalesnika.com\/en\/wp-json\/wp\/v2\/comments?post=8243"}],"version-history":[{"count":10,"href":"https:\/\/granalesnika.com\/en\/wp-json\/wp\/v2\/pages\/8243\/revisions"}],"predecessor-version":[{"id":8339,"href":"https:\/\/granalesnika.com\/en\/wp-json\/wp\/v2\/pages\/8243\/revisions\/8339"}],"wp:attachment":[{"href":"https:\/\/granalesnika.com\/en\/wp-json\/wp\/v2\/media?parent=8243"}],"curies":[{"name":"wp","href":"https:\/\/api.w.org\/{rel}","templated":true}]}}